{"id":142,"date":"2023-11-27T12:24:14","date_gmt":"2023-11-27T11:24:14","guid":{"rendered":"https:\/\/blsbcn.com\/about-us\/"},"modified":"2024-05-22T16:49:14","modified_gmt":"2024-05-22T14:49:14","slug":"about-us","status":"publish","type":"page","link":"https:\/\/blsbcn.com\/ca\/about-us\/","title":{"rendered":"Qui som?"},"content":{"rendered":"<p>Oferim una arquitectura:<\/p>\n<p>_ al dia en termes d\u2019organitzaci\u00f3 i producci\u00f3 equipada per afrontar qualsevol escala d\u2019intervenci\u00f3<\/p>\n<p>_ que aspira a la qualitat i efic\u00e0cia a fi d&#8217;aconseguir augmentar la satisfacci\u00f3 del client<\/p>\n<p>_ compromesa amb la naturalesa, la magnitud i els impactes ambientals dels seus projectes i els que els edificis puguin generar en tota la seva m\u00e0xima vida \u00fatil<\/p>\n<p>_ preparada per aportar tots els serveis i t\u00e8cniques adients perqu\u00e8 el client no precisi, si aix\u00ed ho desitja, rec\u00f3rrer a cap altre subministrador entre la decisi\u00f3 de promoure un projecte i l&#8217;inici de la seva ocupaci\u00f3 i comercialitzaci\u00f3<\/p>\n<p>_ en condicions d\u2019oferir un servei integral en tot all\u00f2 prec\u00eds per passar de la primera decisi\u00f3 d\u2019emprendre un projecte relacionat amb l\u2019entorn habitat fins a la seva ocupaci\u00f3 i manteniment<\/p>\n<p>_ que opera en m\u00faltiples \u00e0mbits i escales<\/p>\n<p>Forma part de la seva orientaci\u00f3 la diversitat com a origen de qualitat i novetat en l\u2019obtenci\u00f3 de resultats.<\/p>\n<p>Alguns dels \u00e0mbits de la seva actuaci\u00f3 s\u00f3n: Planejament \/ Infraestructures\/ Espais p\u00fablics i espais urbans \/ Parcs\/ Edificis d\u2019equipaments \/ Edificis d\u2019habitatges\/ Cases particulars \/ Espais interiors \/ Disseny.<\/p>\n<p>La qualitat de la traject\u00f2ria dels arquitectes ha estat reconeguda en diverses ocasions i ha estat acompanyada d\u2019una extensa activitat acad\u00e8mica, aix\u00ed com de la publicaci\u00f3 de llibres i articles en revistes especialitzades. L\u2019obra d\u2019arquitectura ha merescut, entre d&#8217;altres, la nominaci\u00f3 al Premi d&#8217;Arquitectura Contempor\u00e0nia de la Uni\u00f3 Europea Premi Mies van der Rohe (2013), la menci\u00f3 a la XI Bienal Espa\u00f1ola de Arquitectura y Urbanismo (2011) i la selecci\u00f3 premi FAD (2011). L\u2019activitat acad\u00e8mica desenvolupada pels arquitectes ha cobert des de l\u2019ETSAB o la Scuola Superiore Europea di Architettura Urbana a N\u00e0pols. Altrament, l\u2019obra ha estat publicada en revistes de reconegut prestigi d\u2019arreu del m\u00f3n, i es compta tamb\u00e9 amb la publicaci\u00f3 de llibres en editorials com Gustavo Gili, Actar o De Singel.<\/p>\n<p>La gesti\u00f3 ha estat reconeguda amb les certificacions de Qualitat i Efici\u00e8ncia segons les normes UNE-EN ISO 9001 i EFITECNIC 2009 i amb la de Ecodisseny UNE-EN ISO 14006.<\/p>\n","protected":false},"excerpt":{"rendered":"<p>Oferim una arquitectura: _ al dia en termes d\u2019organitzaci\u00f3 i producci\u00f3 equipada per afrontar qualsevol escala d\u2019intervenci\u00f3 _ que aspira a la qualitat i efic\u00e0cia a fi d&#8217;aconseguir augmentar la satisfacci\u00f3 del client _ compromesa amb la naturalesa, la magnitud i els impactes ambientals dels seus projectes i els que els edificis puguin generar en [&hellip;]<\/p>\n","protected":false},"author":1,"featured_media":50,"parent":0,"menu_order":14,"comment_status":"closed","ping_status":"closed","template":"","meta":{"_seopress_robots_primary_cat":"","_seopress_titles_title":"","_seopress_titles_desc":"","_seopress_robots_index":"","footnotes":""},"class_list":["post-142","page","type-page","status-publish","has-post-thumbnail","hentry"],"_links":{"self":[{"href":"https:\/\/blsbcn.com\/ca\/wp-json\/wp\/v2\/pages\/142","targetHints":{"allow":["GET"]}}],"collection":[{"href":"https:\/\/blsbcn.com\/ca\/wp-json\/wp\/v2\/pages"}],"about":[{"href":"https:\/\/blsbcn.com\/ca\/wp-json\/wp\/v2\/types\/page"}],"author":[{"embeddable":true,"href":"https:\/\/blsbcn.com\/ca\/wp-json\/wp\/v2\/users\/1"}],"replies":[{"embeddable":true,"href":"https:\/\/blsbcn.com\/ca\/wp-json\/wp\/v2\/comments?post=142"}],"version-history":[{"count":0,"href":"https:\/\/blsbcn.com\/ca\/wp-json\/wp\/v2\/pages\/142\/revisions"}],"wp:featuredmedia":[{"embeddable":true,"href":"https:\/\/blsbcn.com\/ca\/wp-json\/wp\/v2\/media\/50"}],"wp:attachment":[{"href":"https:\/\/blsbcn.com\/ca\/wp-json\/wp\/v2\/media?parent=142"}],"curies":[{"name":"wp","href":"https:\/\/api.w.org\/{rel}","templated":true}]}}