{"id":159,"date":"2024-02-14T11:13:37","date_gmt":"2024-02-14T10:13:37","guid":{"rendered":"https:\/\/blsbcn.com\/?page_id=159"},"modified":"2024-05-24T12:30:34","modified_gmt":"2024-05-24T10:30:34","slug":"equip-i-col%c2%b7laboradors","status":"publish","type":"page","link":"https:\/\/blsbcn.com\/ca\/about-us\/equip-i-col%c2%b7laboradors\/","title":{"rendered":"Equip i col\u00b7laboradors"},"content":{"rendered":"<p>Conscients de que les persones son el m\u00e0xim valor dediquem els recursos necessaris que garanteixin la Qualitat d&#8217;un Equip Hum\u00e0 altament motivat i integrat, a la vegada que altament especialitzat i amb vies de promoci\u00f3 interna clares i assolibles. En el mateix sentit entendrem els nostres prove\u00efdors i col\u00b7laboradors externs com un gra\u00f3 m\u00e9s del proc\u00e9s de producci\u00f3,, involucrant-los en el nostre proc\u00e9s de qualitat i millora cont\u00ednua.<\/p>\n<h3>Equip<\/h3>\n<h4>Arquitectes<\/h4>\n<p>Neus Lacomba Mong\u00e9<br \/>\nArquitecta 1992 per la Escola T\u00e8cnica Superior d\u2019Arquitectura de Barcelona (ETSAB \/ UPC)<\/p>\n<p>Victor Setoain Perego<br \/>\nArquitecte 1994 per la Escola T\u00e8cnica Superior d\u2019Arquitectura de Barcelona (ETSAB \/ UPC)<\/p>\n<p>Rub\u00e9n Cabanillas Gallego<br \/>\nArquitecte per la ETSAB \/ UPC (2008). Desenvolupa tasques de projecte des de 2007<\/p>\n<p>Maica Dom\u00ednguez Salvado<br \/>\nArquitecte per la ETSAB \/ UPC (1997). Desenvolupa tasques de projecte des de 1996<\/p>\n<h3>Col\u00b7laboradors Externs<\/h3>\n<p>(AZ) ESTUDIS I PROJECTES DE MEDI AMBIENT I DE PAISATGE<\/p>\n<p>Adri\u00e0 Goula. Fot\u00f2graf<\/p>\n<p>AIM ASSESSORIA D&#8217;INFRAESTRUCTURES I MOBILITAT<\/p>\n<p>Alfons Pastor. ATIMCAT.95<\/p>\n<p>Angel Obiol. Arquitecte Estructures<\/p>\n<p>ARMENGOL ENGINYERS<\/p>\n<p>AT3 ARQUITECTES T\u00c8CNICS<\/p>\n<p>BOMA CONSULTORS D&#8217;ESTRUCTURES<\/p>\n<p>Carlos Fuente. Enginyer CCP<\/p>\n<p>CENTRE CATAL\u00c0 DE GEOTECNIA<\/p>\n<p>Christophe Girot. ATELIER GIROT<\/p>\n<p>CONSULTORS BIS ARQUITECTES<\/p>\n<p>Eugeni Pons. Fot\u00f2graf<\/p>\n<p>Ferran Freixa. Fot\u00f2graf<\/p>\n<p>IPLAN GESTION INTEGRAL DE PROYECTOS<\/p>\n<p>IV INGENIEROS CONSULTORES<\/p>\n<p>JG ENGINYERS<\/p>\n<p>Joaquim Orejon. Enginyer<\/p>\n<p>Jordi Bernad\u00f3. Fot\u00f2graf<\/p>\n<p>Jordi Costas. Topograf<\/p>\n<p>Jordi Surroca. Fot\u00f2graf<\/p>\n<p>JOSEP SELGA. ESTUDI DE PAISATGE<\/p>\n<p>LKS INGENIERIA S. COOP<\/p>\n<p>Lluis Casals. Fot\u00f2graf<\/p>\n<p>Manuel Laguillo. Fot\u00f2graf<\/p>\n<p>Marti Cabestany. Arquitecte Estructures<\/p>\n<p>PGI ENGINEERING<\/p>\n<p>PLAY-TIME<\/p>\n<p>Ramon Prat. Fot\u00f2graf<\/p>\n<p>RENDERTAXI<\/p>\n<p>Ricard Casademont. Arquitecte Urbanista<\/p>\n<p>SERVEIS D&#8217;ARQUITECTURA BETARQ<\/p>\n<p>Xavier Sust. Arquitecte Urbanista<\/p>\n<h3>Han col\u00b7laborat<\/h3>\n<p>Marco \u00c1vila<\/p>\n<p>Marta Cabo Mu\u00f1oz<\/p>\n<p>Adriana Campmany<\/p>\n<p>Rosanna Capuano<\/p>\n<p>Silvestre Castellani<\/p>\n<p>Maria Dorado<\/p>\n<p>Maria Duran Gelabert<\/p>\n<p>Ada Gorgot<\/p>\n<p>Enric Llorach Herrero<\/p>\n<p>Margherita Neri<\/p>\n<p>Mario Nuzzolese<\/p>\n<p>Anna Oliver<\/p>\n<p>Alicia Padilla<\/p>\n<p>Francesc Roman\u00ed Herrera<\/p>\n<p>Maria Eva S\u00e1nchez<\/p>\n","protected":false},"excerpt":{"rendered":"<p>Conscients de que les persones son el m\u00e0xim valor dediquem els recursos necessaris que garanteixin la Qualitat d&#8217;un Equip Hum\u00e0 altament motivat i integrat, a la vegada que altament especialitzat i amb vies de promoci\u00f3 interna clares i assolibles. En el mateix sentit entendrem els nostres prove\u00efdors i col\u00b7laboradors externs com un gra\u00f3 m\u00e9s del [&hellip;]<\/p>\n","protected":false},"author":1,"featured_media":50,"parent":142,"menu_order":3,"comment_status":"closed","ping_status":"closed","template":"","meta":{"_seopress_robots_primary_cat":"","_seopress_titles_title":"","_seopress_titles_desc":"","_seopress_robots_index":"","footnotes":""},"class_list":["post-159","page","type-page","status-publish","has-post-thumbnail","hentry"],"_links":{"self":[{"href":"https:\/\/blsbcn.com\/ca\/wp-json\/wp\/v2\/pages\/159","targetHints":{"allow":["GET"]}}],"collection":[{"href":"https:\/\/blsbcn.com\/ca\/wp-json\/wp\/v2\/pages"}],"about":[{"href":"https:\/\/blsbcn.com\/ca\/wp-json\/wp\/v2\/types\/page"}],"author":[{"embeddable":true,"href":"https:\/\/blsbcn.com\/ca\/wp-json\/wp\/v2\/users\/1"}],"replies":[{"embeddable":true,"href":"https:\/\/blsbcn.com\/ca\/wp-json\/wp\/v2\/comments?post=159"}],"version-history":[{"count":0,"href":"https:\/\/blsbcn.com\/ca\/wp-json\/wp\/v2\/pages\/159\/revisions"}],"up":[{"embeddable":true,"href":"https:\/\/blsbcn.com\/ca\/wp-json\/wp\/v2\/pages\/142"}],"wp:featuredmedia":[{"embeddable":true,"href":"https:\/\/blsbcn.com\/ca\/wp-json\/wp\/v2\/media\/50"}],"wp:attachment":[{"href":"https:\/\/blsbcn.com\/ca\/wp-json\/wp\/v2\/media?parent=159"}],"curies":[{"name":"wp","href":"https:\/\/api.w.org\/{rel}","templated":true}]}}