{"id":35,"date":"2023-11-27T11:05:27","date_gmt":"2023-11-27T10:05:27","guid":{"rendered":"https:\/\/blsbcn.com\/politica-de-cookies\/"},"modified":"2023-11-27T11:17:00","modified_gmt":"2023-11-27T10:17:00","slug":"politica-de-cookies","status":"publish","type":"page","link":"https:\/\/blsbcn.com\/ca\/politica-de-cookies\/","title":{"rendered":"Pol\u00edtica de cookies"},"content":{"rendered":"<p><strong>1. Introducci\u00f3<\/strong><\/p>\n<p>Benvingut\/da a https:\/\/www.blsbcn.com\/. Aquesta p\u00e0gina web utilitza galetes. En utilitzar el nostre lloc web, acceptes l&#8217;\u00fas de galetes d&#8217;acord amb aquesta pol\u00edtica.<\/p>\n<p><strong>2. Qu\u00e8 s\u00f3n les galetes?<\/strong><\/p>\n<p>Les galetes s\u00f3n petits arxius de text que s&#8217;emmagatzemen al dispositiu quan visites un lloc web. S&#8217;utilitzen \u00e0mpliament perqu\u00e8 els llocs web funcionin o funcionin de manera m\u00e9s eficient, aix\u00ed com per proporcionar informaci\u00f3 als propietaris del lloc.<\/p>\n<p><strong>3. Com utilitzem les galetes?<\/strong><\/p>\n<p>Utilitzem cookies per diverses raons detallades a continuaci\u00f3. \u00c9s important assenyalar que les galetes no recopilen informaci\u00f3 personal identificable.<\/p>\n<ul>\n<li><strong>Galetes essencials:<\/strong> Aquestes galetes s\u00f3n necess\u00e0ries per al funcionament b\u00e0sic del nostre lloc web. Inclouen, per exemple, galetes que et permeten iniciar sessi\u00f3 en \u00e0rees segures del nostre lloc.<\/li>\n<li><strong>Cookies de rendiment:<\/strong> Aquestes cookies ens permeten recon\u00e8ixer-te quan tornes a visitar el nostre lloc web. Ens permeten personalitzar el nostre contingut per a tu, saludar-te pel teu nom i recordar les teves prefer\u00e8ncies.<\/li>\n<li><strong>Galetes de funcionalitat:<\/strong> Aquestes galetes s&#8217;utilitzen per recon\u00e8ixer-te quan tornes a visitar el nostre lloc web i ens permeten personalitzar el contingut per a tu, saludar-te pel teu nom i recordar les teves prefer\u00e8ncies (per exemple, la teva elecci\u00f3 d&#8217;idioma o regi\u00f3).<\/li>\n<li><strong>Cookies de tercers:<\/strong> El nostre lloc web pot contenir enlla\u00e7os a altres llocs web que tenen les seves pr\u00f2pies pol\u00edtiques de privadesa. En fer clic a aquests enlla\u00e7os, \u00e9s possible que es recopilin dades per part d&#8217;aquests tercers. Consulta les pol\u00edtiques de privadesa i les galetes d&#8217;aquests tercers per obtenir m\u00e9s informaci\u00f3.<\/li>\n<\/ul>\n<p><strong>4. Control de cookies<\/strong><\/p>\n<p>Pots controlar i\/o eliminar les cookies com vulguis. Per a m\u00e9s informaci\u00f3, consulteu aboutcookies.org. Pots eliminar totes les galetes ja emmagatzemades al teu ordinador i configurar la majoria dels navegadors per evitar que s&#8217;emmagatzemin. No obstant aix\u00f2, si ho feu, \u00e9s possible que h\u00e0giu d&#8217;ajustar manualment algunes prefer\u00e8ncies cada vegada que visiteu un lloc i que alguns serveis i funcionalitats puguin no funcionar.<\/p>\n<p><strong>5. Canvis a la nostra pol\u00edtica de cookies<\/strong><\/p>\n<p>Qualsevol canvi que realitzem a la nostra pol\u00edtica de cookies es publicar\u00e0 en aquesta p\u00e0gina i, quan correspongui, et notificarem per altres mitjans com a correu electr\u00f2nic.<\/p>\n<p><strong>6. Contacte<\/strong><\/p>\n<p>Si tens alguna pregunta sobre la nostra pol\u00edtica de cookies, no dubtis en posar-te en contacte amb nosaltres a [adre\u00e7a de correu electr\u00f2nic].<\/p>\n<p>Gr\u00e0cies per visitar https:\/\/www.blsbcn.com\/.<\/p>\n","protected":false},"excerpt":{"rendered":"<p>1. Introducci\u00f3 Benvingut\/da a https:\/\/www.blsbcn.com\/. Aquesta p\u00e0gina web utilitza galetes. En utilitzar el nostre lloc web, acceptes l&#8217;\u00fas de galetes d&#8217;acord amb aquesta pol\u00edtica. 2. Qu\u00e8 s\u00f3n les galetes? Les galetes s\u00f3n petits arxius de text que s&#8217;emmagatzemen al dispositiu quan visites un lloc web. S&#8217;utilitzen \u00e0mpliament perqu\u00e8 els llocs web funcionin o funcionin de [&hellip;]<\/p>\n","protected":false},"author":1,"featured_media":0,"parent":0,"menu_order":21,"comment_status":"closed","ping_status":"closed","template":"controllers\/legal-page.php","meta":{"_seopress_robots_primary_cat":"","_seopress_titles_title":"","_seopress_titles_desc":"","_seopress_robots_index":"","footnotes":""},"class_list":["post-35","page","type-page","status-publish","hentry"],"_links":{"self":[{"href":"https:\/\/blsbcn.com\/ca\/wp-json\/wp\/v2\/pages\/35","targetHints":{"allow":["GET"]}}],"collection":[{"href":"https:\/\/blsbcn.com\/ca\/wp-json\/wp\/v2\/pages"}],"about":[{"href":"https:\/\/blsbcn.com\/ca\/wp-json\/wp\/v2\/types\/page"}],"author":[{"embeddable":true,"href":"https:\/\/blsbcn.com\/ca\/wp-json\/wp\/v2\/users\/1"}],"replies":[{"embeddable":true,"href":"https:\/\/blsbcn.com\/ca\/wp-json\/wp\/v2\/comments?post=35"}],"version-history":[{"count":0,"href":"https:\/\/blsbcn.com\/ca\/wp-json\/wp\/v2\/pages\/35\/revisions"}],"wp:attachment":[{"href":"https:\/\/blsbcn.com\/ca\/wp-json\/wp\/v2\/media?parent=35"}],"curies":[{"name":"wp","href":"https:\/\/api.w.org\/{rel}","templated":true}]}}