{"id":36,"date":"2023-11-27T11:03:08","date_gmt":"2023-11-27T10:03:08","guid":{"rendered":"https:\/\/blsbcn.com\/legal-notice\/"},"modified":"2023-11-27T11:19:49","modified_gmt":"2023-11-27T10:19:49","slug":"avis-legal","status":"publish","type":"page","link":"https:\/\/blsbcn.com\/ca\/avis-legal\/","title":{"rendered":"Av\u00eds legal"},"content":{"rendered":"<div class=\"jspPane\">\n<div class=\"contenedor\">\n<div class=\"jspPane\">\n<div class=\"contenedor\">\n<p>Condicions generals d&#8217;us de la p\u00e0gina web\u00a0<strong>www.blsbcn.com<\/strong><\/p>\n<p><strong>1. Identificaci\u00f3 i activitat de la societat.<\/strong><\/p>\n<p><strong>Lacomba Setoain Arquitectos Asociados, slp<\/strong>\u00a0(en endavant &#8220;<strong>LSAAS<\/strong>&#8220;), amb domicili social a\u00a0<strong>Avinguda Vallvidrera 21-23<\/strong>\u00a0<strong>08017<\/strong>\u00a0<strong>Barcelona<\/strong>,\u00a0<strong>B-64741663<\/strong>, inscrita al Registre Mercantil de Barcelona, \u00e9s una empresa al dia en termes d&#8217;organitzaci\u00f3 i producci\u00f3, equipada per afrontar cqualsevol escala d&#8217;intervenci\u00f3 i preparada per aportar tots els serveis i t\u00e8cniques necessaries per oferir un servei integral en tot all\u00f2 prec\u00eds per passar de la primera decisi\u00f3 d&#8217;emprendre un projecte relacionat amb l&#8217;entorn habitat fins a la seva ocupaci\u00f3 i manteniment. La societat ha operat en m\u00faltiples \u00e0mbits i escales i forma part de la seva orientaci\u00f3 la diversitat com a origen de qualitat, la efici\u00e8ncia en la gesti\u00f3 i la novetat en l&#8217;obtenci\u00f3 de resultats. Avalada per\u00a0<strong>les certificacions m\u00e9s exigents: ISO 9001, EFITECTIC 2009 i ISO 14006.<\/strong><\/p>\n<p><strong>2. Responsabilitats d&#8217;us.<\/strong><\/p>\n<p>L&#8217;Usuari i\u00a0<strong>LSAAS<\/strong>\u00a0s\u00f3n responsables de la veracitat de les dades que s&#8217;envi\u00efn i gestionin a trav\u00e9s del sistema.<\/p>\n<p>L&#8217;Usuari haur\u00e0 de disposar dels mitjans materials, sistemes, xarxes de comunicaci\u00f3, maquin\u00e0ria i equips necessaris pel correcte funcionament del sistema.<\/p>\n<p>L&#8217;Usuari i\u00a0<strong>LSAAS<\/strong>\u00a0adoptaran totes les mesures de seguretat necess\u00e0ries de conformitat amb la tecnologia i situaci\u00f3 al mercat, amb la finalitat de no introduir qualsevol tipus de codi contaminant o de virus al sistema. Malgrat l&#8217;anterior,\u00a0<strong>LSAAS<\/strong>\u00a0exclou qualsevol responsabilitat per danys i perjudicis en relaci\u00f3 amb:<\/p>\n<p>i) Falta de funcionament correcte de la p\u00e0gina web o dels serveis i promocions oferts a trav\u00e9s d&#8217;aquesta, aix\u00ed com falta d&#8217;adaptaci\u00f3 de la p\u00e0gina web a una finalitat concreta esperada pels Usuaris.<\/p>\n<p>ii) Pres\u00e8ncia de codis contaminants o virus o pres\u00e8ncia d&#8217;altres elements que poguessin produir alteracions al sistema inform\u00e0tic o als fitxers dels Usuaris.<\/p>\n<p><strong>3. Seguretat i confidencialitat. Pol\u00edtica de Protecci\u00f3 de Dades.<\/strong><\/p>\n<p>Les dades de car\u00e0cter personal proporcionades per vost\u00e8, i les que en qualsevol moment ens faciliti, seran tractades en els termes i condicions estipulats en la nostra Pol\u00edtica de Privacitat. La sola utilitzaci\u00f3 de la nostra p\u00e0gina web suposa la acceptaci\u00f3 de les presents Condicions Generals i de la Pol\u00edtica de Privacitat que s&#8217;inclou en aquesta.<\/p>\n<p><strong>4. Propietat intelectual i\/o industrial.<\/strong><\/p>\n<p>Tota la informaci\u00f3 continguda en la p\u00e0gina web\u00a0<strong>www.blsbcn.com<\/strong>, com pugui ser, a t\u00edtol enunciatiu, el disseny gr\u00e0fic, les imatges, els codis de font, les marques, els r\u00e8tols d&#8217;establiment, els noms comercials, les denominacions, altres signes distintius o enlla\u00e7os a tercers, etc., estan subjectes a drets de propietat intel\u00b7lectual i industrial de\u00a0<strong>LSAAS<\/strong>\u00a0o tercers.<\/p>\n<p>Sota cap sup\u00f2sit l&#8217;acc\u00e9s als serveis de\u00a0<strong>LSAAS<\/strong>\u00a0suposa la ren\u00fancia, transmissi\u00f3, cessi\u00f3 o llic\u00e8ncia total o parcial d&#8217;aquets drets, ni confereix cap dret d&#8217;\u00fas, traducci\u00f3 adaptaci\u00f3, alteraci\u00f3, explotaci\u00f3, reproducci\u00f3, distribuci\u00f3 o comunicaci\u00f3 p\u00fablica de dits drets de propietat intel\u00b7lectual sense la pr\u00e8via i expressa autoritzaci\u00f3 de\u00a0<strong>LSAAS<\/strong>\u00a0o del tercer titular dels drets afectats. Per tant, a t\u00edtol enunciatiu, que no limitatiu, l&#8217;Usuari no estar\u00e0 autoritzat a reproduir, descompilar, invertir, transformar, modificar ni actualitzar el sistema sense l&#8217;autoritzaci\u00f3 pr\u00e8via i per escrit de\u00a0<strong>LSAAS<\/strong>.<\/p>\n<p>En cap cas est\u00e0 autoritzada (i ser\u00e0 perseguida) la reproducci\u00f3 total o parcial de les dades i els continguts als que es tingui acc\u00e9s a trav\u00e9s de\u00a0<strong>www.blsbcn.com<\/strong>, si es van fer servir contravenint la legislaci\u00f3 vigent en mat\u00e8ria de propietat industrial o intel\u00b7lectual.<\/p>\n<p>No obstant l&#8217;anterior, queden deslliurats de perill els drets de l&#8217;Usuari previstos per les disposicions legals vigents, aix\u00ed com els drets de l&#8217;Usuari de visualitzar i obtenir una c\u00f2pia a la mem\u00f2ria cach\u00e9 del seu ordinador com a reproducci\u00f3 transit\u00f2ria i access\u00f2ria, sense que en cap cas estigui autoritzat a comunicar aquesta a tercers.<\/p>\n<p><strong>5. Pol\u00edtica de links.<\/strong><\/p>\n<p><strong>LSAAS<\/strong>\u00a0no es far\u00e0 responsable dels danys i perjudicis derivats dels serveis i continguts que s&#8217;ofereixin a trav\u00e9s de les p\u00e0gines webs a les que els Usuaris puguin accedir a trav\u00e9s dels enlla\u00e7os que s&#8217;inclouen a la p\u00e0gina web\u00a0<strong>www.blsbcn.com<\/strong>.<\/p>\n<p><strong>6. Notificacions.<\/strong><\/p>\n<p>Qualsevol notificaci\u00f3 podr\u00e0 ser dirigida a\u00a0<strong>LSAAS<\/strong>\u00a0a l&#8217;adre\u00e7a que figura a la cap\u00e7alera o mitjan\u00e7ant l&#8217;enviament d&#8217;un correu electr\u00f2nic a la seg\u00fcent adre\u00e7a: (<strong>bls@blsbcn.com<\/strong>).<\/p>\n<p><strong>7. Legislaci\u00f3 aplicable i jurisdicci\u00f3.<\/strong><\/p>\n<p>Les presents condicions queden subjectes a la normativa de dret com\u00fa espanyola. Els Usuaris se sotmeten expressament per qualsevol q\u00fcesti\u00f3, discrep\u00e0ncia, controv\u00e8rsia o reclamaci\u00f3 que es derivi de l&#8217;execuci\u00f3, interpretaci\u00f3 o acompliment de les obligacions establertes entre\u00a0<strong>LSAAS<\/strong>\u00a0i els usuaris de la p\u00e0gina web\u00a0<strong>www.blsbcn.com<\/strong>, als Jutjats i Tribunals de Barcelona, amb ren\u00fancia expressa a qualsevol altra fur que per llei els hi pogu\u00e9s correspondre.<\/p>\n<p><strong>8. Consentiment de l&#8217;Usuari.<\/strong><\/p>\n<p>El sol acc\u00e9s a l&#8217;\u00fas de la p\u00e0gina web\u00a0<strong>www.blsbcn.com<\/strong>\u00a0per part de l&#8217;Usuari suposa l&#8217;acceptaci\u00f3 de les presents Condicions Generals d&#8217;\u00das.<\/p>\n<\/div>\n<\/div>\n<div class=\"jspVerticalBar\">\n<div class=\"jspTrack\"><\/div>\n<\/div>\n<\/div>\n<\/div>\n","protected":false},"excerpt":{"rendered":"<p>Condicions generals d&#8217;us de la p\u00e0gina web\u00a0www.blsbcn.com 1. Identificaci\u00f3 i activitat de la societat. Lacomba Setoain Arquitectos Asociados, slp\u00a0(en endavant &#8220;LSAAS&#8220;), amb domicili social a\u00a0Avinguda Vallvidrera 21-23\u00a008017\u00a0Barcelona,\u00a0B-64741663, inscrita al Registre Mercantil de Barcelona, \u00e9s una empresa al dia en termes d&#8217;organitzaci\u00f3 i producci\u00f3, equipada per afrontar cqualsevol escala d&#8217;intervenci\u00f3 i preparada per aportar tots els [&hellip;]<\/p>\n","protected":false},"author":1,"featured_media":0,"parent":0,"menu_order":17,"comment_status":"closed","ping_status":"closed","template":"controllers\/legal-page.php","meta":{"_seopress_robots_primary_cat":"","_seopress_titles_title":"","_seopress_titles_desc":"","_seopress_robots_index":"","footnotes":""},"class_list":["post-36","page","type-page","status-publish","hentry"],"_links":{"self":[{"href":"https:\/\/blsbcn.com\/ca\/wp-json\/wp\/v2\/pages\/36","targetHints":{"allow":["GET"]}}],"collection":[{"href":"https:\/\/blsbcn.com\/ca\/wp-json\/wp\/v2\/pages"}],"about":[{"href":"https:\/\/blsbcn.com\/ca\/wp-json\/wp\/v2\/types\/page"}],"author":[{"embeddable":true,"href":"https:\/\/blsbcn.com\/ca\/wp-json\/wp\/v2\/users\/1"}],"replies":[{"embeddable":true,"href":"https:\/\/blsbcn.com\/ca\/wp-json\/wp\/v2\/comments?post=36"}],"version-history":[{"count":0,"href":"https:\/\/blsbcn.com\/ca\/wp-json\/wp\/v2\/pages\/36\/revisions"}],"wp:attachment":[{"href":"https:\/\/blsbcn.com\/ca\/wp-json\/wp\/v2\/media?parent=36"}],"curies":[{"name":"wp","href":"https:\/\/api.w.org\/{rel}","templated":true}]}}