{"id":38,"date":"2023-11-24T12:04:07","date_gmt":"2023-11-24T11:04:07","guid":{"rendered":"https:\/\/blsbcn.com\/privacy-policy\/"},"modified":"2023-11-27T11:22:40","modified_gmt":"2023-11-27T10:22:40","slug":"politica-de-privacitat","status":"publish","type":"page","link":"https:\/\/blsbcn.com\/ca\/politica-de-privacitat\/","title":{"rendered":"Pol\u00edtica de privacitat"},"content":{"rendered":"\r\n<p>Les dades de car\u00e0cter personal proporcionades per vost\u00e8 i les que en qualsevol moment ens faciliti, seran incorporades en un fitxer automatitzat de dades, amb l&#8217;objecte de ser tractades en la mesura en qu\u00e8 fossin necess\u00e0ries o convenients pel desenvolupament de la relaci\u00f3 jur\u00eddica que s&#8217;estableixi entre les parts i pel seu \u00fas amb finalitats comercials, d&#8217;informaci\u00f3 i publicit\u00e0ries de tot tipus de productes i de serveis, propis i aliens.<\/p>\r\n<p>En qualsevol moment vost\u00e8 podr\u00e0 accedir a aquest fitxer amb la finalitat d&#8217;exercitar els drets d&#8217;acc\u00e9s, rectificaci\u00f3, cancel\u00b7laci\u00f3 i oposici\u00f3 respecte a les seves dades personals. Aquests drets podran exercitar-se mitjan\u00e7ant una comunicaci\u00f3 escrita dirigida a la seu de la Societat situada a\u00a0<strong>Avinguda Vallvidrera 21-23<\/strong>\u00a0<strong>08017<\/strong>\u00a0<strong>Barcelona<\/strong>.<\/p>\r\n<p>L&#8217;acceptaci\u00f3 de la present Pol\u00edtica de Privacitat implica l&#8217;autoritzaci\u00f3 expressa per la remissi\u00f3 de comunicacions comercials i ofertes promocionals per via electr\u00f2nica, o qualsevol altre mitj\u00e0 equivalent. En cas de que vost\u00e8 no desitgi rebre comunicacions comercials per via electr\u00f2nica, li preguem que ens ho comuniqui enviant un correu electr\u00f2nic a la seg\u00fcent adre\u00e7a:\u00a0<strong>bls@blsbcn.com<\/strong>.<\/p>\r\n<p>L&#8217;enviament de la seva informaci\u00f3 personal a trav\u00e9s de la present p\u00e0gina implica el consentiment expr\u00e9s i inequ\u00edvoc per tractar les seves dades de car\u00e0cter personal en els termes exposats a la present Pol\u00edtica de Privacitat.<\/p>\r\n<p>L&#8217;acceptaci\u00f3 de la present Pol\u00edtica de Privacitat suposa tanmateix l&#8217;acceptaci\u00f3 de les Condicions Generals d&#8217;\u00das d&#8217;aquesta p\u00e0gina web.<\/p>\r\n","protected":false},"excerpt":{"rendered":"<p>Les dades de car\u00e0cter personal proporcionades per vost\u00e8 i les que en qualsevol moment ens faciliti, seran incorporades en un fitxer automatitzat de dades, amb l&#8217;objecte de ser tractades en la mesura en qu\u00e8 fossin necess\u00e0ries o convenients pel desenvolupament de la relaci\u00f3 jur\u00eddica que s&#8217;estableixi entre les parts i pel seu \u00fas amb finalitats [&hellip;]<\/p>\n","protected":false},"author":1,"featured_media":0,"parent":0,"menu_order":23,"comment_status":"closed","ping_status":"closed","template":"controllers\/legal-page.php","meta":{"_seopress_robots_primary_cat":"","_seopress_titles_title":"","_seopress_titles_desc":"","_seopress_robots_index":"","footnotes":""},"class_list":["post-38","page","type-page","status-publish","hentry"],"_links":{"self":[{"href":"https:\/\/blsbcn.com\/ca\/wp-json\/wp\/v2\/pages\/38","targetHints":{"allow":["GET"]}}],"collection":[{"href":"https:\/\/blsbcn.com\/ca\/wp-json\/wp\/v2\/pages"}],"about":[{"href":"https:\/\/blsbcn.com\/ca\/wp-json\/wp\/v2\/types\/page"}],"author":[{"embeddable":true,"href":"https:\/\/blsbcn.com\/ca\/wp-json\/wp\/v2\/users\/1"}],"replies":[{"embeddable":true,"href":"https:\/\/blsbcn.com\/ca\/wp-json\/wp\/v2\/comments?post=38"}],"version-history":[{"count":0,"href":"https:\/\/blsbcn.com\/ca\/wp-json\/wp\/v2\/pages\/38\/revisions"}],"wp:attachment":[{"href":"https:\/\/blsbcn.com\/ca\/wp-json\/wp\/v2\/media?parent=38"}],"curies":[{"name":"wp","href":"https:\/\/api.w.org\/{rel}","templated":true}]}}