{"id":143,"date":"2023-11-27T12:24:14","date_gmt":"2023-11-27T11:24:14","guid":{"rendered":"https:\/\/blsbcn.com\/about-us\/"},"modified":"2024-05-22T16:47:54","modified_gmt":"2024-05-22T14:47:54","slug":"about-us","status":"publish","type":"page","link":"https:\/\/blsbcn.com\/es\/about-us\/","title":{"rendered":"\u00bfQuienes somos?"},"content":{"rendered":"<p>Ofrecemos una arquitectura:<\/p>\n<p>_ al dia en concepto de organizaci\u00f3n y producci\u00f3n equipada para afrontar cualquier escala de intervenci\u00f3n<\/p>\n<p>_ que aspira a la cualidad y a la eficacia con el fin de conseguir aumentar la satisfacci\u00f3n del cliente<\/p>\n<p>_ comprometida con la naturaleza, la magnitud y los impactos ambientales de sus proyectos y los que los edificios puedan generar en toda su m\u00e1xima vida \u00fatil<\/p>\n<p>_ preparada para aportar todos los servicios y t\u00e9cnicas oportunos para que el cliente no precise, si as\u00ed lo desea, recurrir a ning\u00fan otro suministrador entre la decisi\u00f3n de promover un proyecto y el inicio de su ocupaci\u00f3n o comercializaci\u00f3n<\/p>\n<p>_ en condiciones de ofrecer un servicio integral en todo lo preciso para tomar la primera decisi\u00f3n de emprender un proyecto relacionado con el entorno habitado hasta su ocupaci\u00f3n y mantenimiento<\/p>\n<p>_ que opera en m\u00faltiples \u00e1mbitos y escalas<\/p>\n<p>Forma parte de su orientaci\u00f3n la diversidad como origen de cualidad y la novedad en la obtenci\u00f3n de resultados.<\/p>\n<p>Algunos de los \u00e1mbitos de su actuaci\u00f3n son: Planeamiento \/ Infraestructuras \/ Espacios p\u00fablicos y espacios urbanos \/ Parques \/ Edificios de quipamientos \/ Edificios de viviendas \/ Casas particulares \/ Espacios interiores \/ Dise\u00f1o.<\/p>\n<p>La cualidad de la trayectoria de los arquitectos ha estado reconocida en diversas ocasiones y ha estado acompa\u00f1ada de una extensa actividad acad\u00e9mica, as\u00ed como la publicaci\u00f3n de libros y art\u00edculos en revistas especializadas. La obra de arquitectura ha merecido, entre otros, la nominaci\u00f3n al Premio de Arquitectura Contempor\u00e1nea de la Uni\u00f3n Europea Premio Mies van der Rohe (2013), la menci\u00f3n en la XI Bienal Espa\u00f1ola de Arquitectura y Urbanismo (2011) y la selecci\u00f3n premio FAD (2011). La actividad acad\u00e9mica desarrollada por los socios del despacho ha cubierto desde la ETSAB o la Scuola Superiore Europea di Architettura Urbana en N\u00e1poles. Simult\u00e1neamente, la obra ha estado publicada en revistas de reconocido prestigio internacional, cont\u00e1ndose tambi\u00e9n con la publicaci\u00f3n de libros en editoriales como Gustavo Gili, Actar o De Singel.<\/p>\n<p>La gesti\u00f3n ha estado reconocida con las certificaciones de Calidad y Eficiencia seg\u00fan las normas UNE-EN ISO 9001, EFITECNIC 2009 y de Ecodise\u00f1o UNE-EN ISO 14006.<\/p>\n","protected":false},"excerpt":{"rendered":"<p>Ofrecemos una arquitectura: _ al dia en concepto de organizaci\u00f3n y producci\u00f3n equipada para afrontar cualquier escala de intervenci\u00f3n _ que aspira a la cualidad y a la eficacia con el fin de conseguir aumentar la satisfacci\u00f3n del cliente _ comprometida con la naturaleza, la magnitud y los impactos ambientales de sus proyectos y los [&hellip;]<\/p>\n","protected":false},"author":1,"featured_media":51,"parent":0,"menu_order":14,"comment_status":"closed","ping_status":"closed","template":"","meta":{"_seopress_robots_primary_cat":"","_seopress_titles_title":"","_seopress_titles_desc":"","_seopress_robots_index":"","footnotes":""},"class_list":["post-143","page","type-page","status-publish","has-post-thumbnail","hentry"],"_links":{"self":[{"href":"https:\/\/blsbcn.com\/es\/wp-json\/wp\/v2\/pages\/143","targetHints":{"allow":["GET"]}}],"collection":[{"href":"https:\/\/blsbcn.com\/es\/wp-json\/wp\/v2\/pages"}],"about":[{"href":"https:\/\/blsbcn.com\/es\/wp-json\/wp\/v2\/types\/page"}],"author":[{"embeddable":true,"href":"https:\/\/blsbcn.com\/es\/wp-json\/wp\/v2\/users\/1"}],"replies":[{"embeddable":true,"href":"https:\/\/blsbcn.com\/es\/wp-json\/wp\/v2\/comments?post=143"}],"version-history":[{"count":0,"href":"https:\/\/blsbcn.com\/es\/wp-json\/wp\/v2\/pages\/143\/revisions"}],"wp:featuredmedia":[{"embeddable":true,"href":"https:\/\/blsbcn.com\/es\/wp-json\/wp\/v2\/media\/51"}],"wp:attachment":[{"href":"https:\/\/blsbcn.com\/es\/wp-json\/wp\/v2\/media?parent=143"}],"curies":[{"name":"wp","href":"https:\/\/api.w.org\/{rel}","templated":true}]}}