{"id":161,"date":"2024-02-14T11:13:37","date_gmt":"2024-02-14T10:13:37","guid":{"rendered":"https:\/\/blsbcn.com\/about-us\/team-and-contributors\/"},"modified":"2024-05-24T12:31:13","modified_gmt":"2024-05-24T10:31:13","slug":"equipo-y-colaboradores","status":"publish","type":"page","link":"https:\/\/blsbcn.com\/es\/about-us\/equipo-y-colaboradores\/","title":{"rendered":"Equipo y colaboradores"},"content":{"rendered":"<p>Conscientes de que las personas son el m\u00e1ximo valor, se dedican los recursos necesarios que garanticen la Calidad de un Equipo Humano altamente motivado y integrado, a la vez que altamente especializado y con v\u00edas de promoci\u00f3n interna claras y alcanzables. En el mismo sentido entendemos a nuestros proveedores y colaboradores externos como un escal\u00f3n m\u00e1s del proceso de producci\u00f3n, involucr\u00e1ndolos en nuestro proceso de calidad y mejora cont\u00ednua.<\/p>\n<h3>Equipo<\/h3>\n<h4>Arquitectos<\/h4>\n<p>Neus Lacomba Mong\u00e9<br \/>\nArquitecta 1992 por la Escuela T\u00e9cnica Superior de Arquitectura de Barcelona (ETSAB \/ UPC)<\/p>\n<p>Victor Setoain Perego<br \/>\nArquitecto 1994 por la Escuela T\u00e9cnica Superior de Arquitectura de Barcelona (ETSAB \/ UPC)<\/p>\n<p>Rub\u00e9n Cabanillas Gallego<br \/>\nArquitecto por la ETSAB \/ UPC (2008). Desarrolla tareas de proyecto desde 2007<\/p>\n<p>Maica Dom\u00ednguez Salvado<br \/>\nArquitecta por la ETSAB \/ UPC (1997). Desarrolla tareas de proyecto desde 1996<\/p>\n<h3>Colaboradores Externos<\/h3>\n<p>(AZ) ESTUDIOS Y PROYECTOS DE MEDIOAMBIENTE Y PAISAJE<\/p>\n<p>Adri\u00e0 Goula. Fot\u00f3grafo<\/p>\n<p>AIM ASESORIA DE INFRAESTRUCTURAS Y MOBILIDAD<\/p>\n<p>Alfons Pastor. ATIMCAT.95<\/p>\n<p>Angel Obiol. Arquitecto Estructuras<\/p>\n<p>ARMENGOL INGENIEROS<\/p>\n<p>AT3 ARQUITECTOS T\u00c9CNICOS<\/p>\n<p>BOMA CONSULTORES DE ESTRUCTURAS<\/p>\n<p>Carlos Fuente. Ingeniero CCP<\/p>\n<p>CENTRO CATALAN DE GEOTECNIA<\/p>\n<p>Christophe Girot. ATELIER GIROT<\/p>\n<p>CONSULTORES BIS ARQUITECTOS<\/p>\n<p>Cristina Monjas. Arquitecta<\/p>\n<p>Eugeni Pons. Fot\u00f3grafo<\/p>\n<p>Ferran Freixa. Fot\u00f3grafo<\/p>\n<p>IPLAN GESTION INTEGRAL DE PROYECTOS<\/p>\n<p>IV INGENIEROS CONSULTORES<\/p>\n<p>JG INGENIEROS<\/p>\n<p>Joaquin Orejon. Ingeniero<\/p>\n<p>Jordi Bernad\u00f3. Fot\u00f3grafo<\/p>\n<p>Jordi Costas. Top\u00f3grafo<\/p>\n<p>Jordi Surroca. Fot\u00f3grafo<\/p>\n<p>JOSEP SELGA. ESTUDI DE PAISATGE<\/p>\n<p>LKS INGENIERIA S. COOP<\/p>\n<p>Lluis Casals. Fot\u00f3grafo<\/p>\n<p>Manuel Laguillo. Fot\u00f3grafo<\/p>\n<p>Marti Cabestany. Arquitecto Estructuras<\/p>\n<p>PGI ENGINEERING<\/p>\n<p>PLAY-TIME<\/p>\n<p>Ramon Prat. Fot\u00f3grafo<\/p>\n<p>RENDERTAXI<\/p>\n<p>Ricard Casademont. Arquitecto Urbanista<\/p>\n<p>SERVICIOS DE ARQUITECTURA BETARQ<\/p>\n<p>Xavier Sust. Arquitecto Urbanista<\/p>\n<h3>Han colaborado<\/h3>\n<p>Marco \u00c1vila<\/p>\n<p>Marta Cabo Mu\u00f1oz<\/p>\n<p>Adriana Campmany<\/p>\n<p>Rosanna Capuano<\/p>\n<p>Silvestre Castellani<\/p>\n<p>Maria Dorado<\/p>\n<p>Maria Duran Gelabert<\/p>\n<p>Ada Gorgot<\/p>\n<p>Enric Llorach Herrero<\/p>\n<p>Margherita Neri<\/p>\n<p>Mario Nuzzolese<\/p>\n<p>Anna Oliver<\/p>\n<p>Alicia Padilla<\/p>\n<p>Francesc Roman\u00ed Herrera<\/p>\n<p>Maria Eva S\u00e1nchez<\/p>\n","protected":false},"excerpt":{"rendered":"<p>Conscientes de que las personas son el m\u00e1ximo valor, se dedican los recursos necesarios que garanticen la Calidad de un Equipo Humano altamente motivado y integrado, a la vez que altamente especializado y con v\u00edas de promoci\u00f3n interna claras y alcanzables. En el mismo sentido entendemos a nuestros proveedores y colaboradores externos como un escal\u00f3n [&hellip;]<\/p>\n","protected":false},"author":1,"featured_media":51,"parent":143,"menu_order":3,"comment_status":"closed","ping_status":"closed","template":"","meta":{"_seopress_robots_primary_cat":"","_seopress_titles_title":"","_seopress_titles_desc":"","_seopress_robots_index":"","footnotes":""},"class_list":["post-161","page","type-page","status-publish","has-post-thumbnail","hentry"],"_links":{"self":[{"href":"https:\/\/blsbcn.com\/es\/wp-json\/wp\/v2\/pages\/161","targetHints":{"allow":["GET"]}}],"collection":[{"href":"https:\/\/blsbcn.com\/es\/wp-json\/wp\/v2\/pages"}],"about":[{"href":"https:\/\/blsbcn.com\/es\/wp-json\/wp\/v2\/types\/page"}],"author":[{"embeddable":true,"href":"https:\/\/blsbcn.com\/es\/wp-json\/wp\/v2\/users\/1"}],"replies":[{"embeddable":true,"href":"https:\/\/blsbcn.com\/es\/wp-json\/wp\/v2\/comments?post=161"}],"version-history":[{"count":0,"href":"https:\/\/blsbcn.com\/es\/wp-json\/wp\/v2\/pages\/161\/revisions"}],"up":[{"embeddable":true,"href":"https:\/\/blsbcn.com\/es\/wp-json\/wp\/v2\/pages\/143"}],"wp:featuredmedia":[{"embeddable":true,"href":"https:\/\/blsbcn.com\/es\/wp-json\/wp\/v2\/media\/51"}],"wp:attachment":[{"href":"https:\/\/blsbcn.com\/es\/wp-json\/wp\/v2\/media?parent=161"}],"curies":[{"name":"wp","href":"https:\/\/api.w.org\/{rel}","templated":true}]}}