{"id":34,"date":"2023-11-27T11:05:27","date_gmt":"2023-11-27T10:05:27","guid":{"rendered":"https:\/\/blsbcn.com\/cookies-policy\/"},"modified":"2023-11-27T11:11:31","modified_gmt":"2023-11-27T10:11:31","slug":"politica-de-cookies","status":"publish","type":"page","link":"https:\/\/blsbcn.com\/es\/politica-de-cookies\/","title":{"rendered":"Pol\u00edtica de cookies"},"content":{"rendered":"<p><strong>1. Introducci\u00f3n<\/strong><\/p>\n<p>Bienvenido\/a a https:\/\/www.blsbcn.com\/. Esta p\u00e1gina web utiliza cookies. Al utilizar nuestro sitio web, aceptas el uso de cookies de acuerdo con esta pol\u00edtica.<\/p>\n<p><strong>2. \u00bfQu\u00e9 son las cookies?<\/strong><\/p>\n<p>Las cookies son peque\u00f1os archivos de texto que se almacenan en tu dispositivo cuando visitas un sitio web. Se utilizan ampliamente para que los sitios web funcionen o funcionen de manera m\u00e1s eficiente, as\u00ed como para proporcionar informaci\u00f3n a los propietarios del sitio.<\/p>\n<p><strong>3. \u00bfC\u00f3mo utilizamos las cookies?<\/strong><\/p>\n<p>Utilizamos cookies por varias razones detalladas a continuaci\u00f3n. Es importante se\u00f1alar que las cookies no recopilan informaci\u00f3n personal identificable.<\/p>\n<ul>\n<li><strong>Cookies esenciales:<\/strong> Estas cookies son necesarias para el funcionamiento b\u00e1sico de nuestro sitio web. Incluyen, por ejemplo, cookies que te permiten iniciar sesi\u00f3n en \u00e1reas seguras de nuestro sitio.<\/li>\n<li><strong>Cookies de rendimiento:<\/strong> Estas cookies nos permiten reconocerte cuando vuelves a visitar nuestro sitio web. Nos permiten personalizar nuestro contenido para ti, saludarte por tu nombre y recordar tus preferencias.<\/li>\n<li><strong>Cookies de funcionalidad:<\/strong> Estas cookies se utilizan para reconocerte cuando vuelves a visitar nuestro sitio web y nos permiten personalizar el contenido para ti, saludarte por tu nombre y recordar tus preferencias (por ejemplo, tu elecci\u00f3n de idioma o regi\u00f3n).<\/li>\n<li><strong>Cookies de terceros:<\/strong> Nuestro sitio web puede contener enlaces a otros sitios web que tienen sus propias pol\u00edticas de privacidad. Al hacer clic en estos enlaces, es posible que se recopilen datos por parte de estos terceros. Consulta las pol\u00edticas de privacidad y cookies de estos terceros para obtener m\u00e1s informaci\u00f3n.<\/li>\n<\/ul>\n<p><strong>4. Control de cookies<\/strong><\/p>\n<p>Puedes controlar y\/o eliminar las cookies como desees. Para m\u00e1s informaci\u00f3n, consulta aboutcookies.org. Puedes eliminar todas las cookies ya almacenadas en tu ordenador y configurar la mayor\u00eda de los navegadores para evitar que se almacenen. Sin embargo, si lo haces, es posible que tengas que ajustar manualmente algunas preferencias cada vez que visites un sitio y que algunos servicios y funcionalidades puedan no funcionar.<\/p>\n<p><strong>5. Cambios en nuestra pol\u00edtica de cookies<\/strong><\/p>\n<p>Cualquier cambio que realicemos en nuestra pol\u00edtica de cookies se publicar\u00e1 en esta p\u00e1gina y, cuando corresponda, te notificaremos por otros medios como correo electr\u00f3nico.<\/p>\n<p><strong>6. Contacto<\/strong><\/p>\n<p>Si tienes alguna pregunta sobre nuestra pol\u00edtica de cookies, no dudes en ponerte en contacto con nosotros en [direcci\u00f3n de correo electr\u00f3nico].<\/p>\n<p>Gracias por visitar [Nombre del Sitio Web].<\/p>\n","protected":false},"excerpt":{"rendered":"<p>1. Introducci\u00f3n Bienvenido\/a a https:\/\/www.blsbcn.com\/. Esta p\u00e1gina web utiliza cookies. Al utilizar nuestro sitio web, aceptas el uso de cookies de acuerdo con esta pol\u00edtica. 2. \u00bfQu\u00e9 son las cookies? Las cookies son peque\u00f1os archivos de texto que se almacenan en tu dispositivo cuando visitas un sitio web. Se utilizan ampliamente para que los sitios [&hellip;]<\/p>\n","protected":false},"author":1,"featured_media":0,"parent":0,"menu_order":20,"comment_status":"closed","ping_status":"closed","template":"controllers\/legal-page.php","meta":{"_seopress_robots_primary_cat":"","_seopress_titles_title":"","_seopress_titles_desc":"","_seopress_robots_index":"","footnotes":""},"class_list":["post-34","page","type-page","status-publish","hentry"],"_links":{"self":[{"href":"https:\/\/blsbcn.com\/es\/wp-json\/wp\/v2\/pages\/34","targetHints":{"allow":["GET"]}}],"collection":[{"href":"https:\/\/blsbcn.com\/es\/wp-json\/wp\/v2\/pages"}],"about":[{"href":"https:\/\/blsbcn.com\/es\/wp-json\/wp\/v2\/types\/page"}],"author":[{"embeddable":true,"href":"https:\/\/blsbcn.com\/es\/wp-json\/wp\/v2\/users\/1"}],"replies":[{"embeddable":true,"href":"https:\/\/blsbcn.com\/es\/wp-json\/wp\/v2\/comments?post=34"}],"version-history":[{"count":0,"href":"https:\/\/blsbcn.com\/es\/wp-json\/wp\/v2\/pages\/34\/revisions"}],"wp:attachment":[{"href":"https:\/\/blsbcn.com\/es\/wp-json\/wp\/v2\/media?parent=34"}],"curies":[{"name":"wp","href":"https:\/\/api.w.org\/{rel}","templated":true}]}}