{"id":37,"date":"2023-11-27T11:03:08","date_gmt":"2023-11-27T10:03:08","guid":{"rendered":"https:\/\/blsbcn.com\/avis-legal\/"},"modified":"2023-11-27T11:20:47","modified_gmt":"2023-11-27T10:20:47","slug":"aviso-legal","status":"publish","type":"page","link":"https:\/\/blsbcn.com\/es\/aviso-legal\/","title":{"rendered":"Aviso legal"},"content":{"rendered":"<div class=\"jspPane\">\n<div class=\"contenedor\">\n<div class=\"jspPane\">\n<div class=\"contenedor\">\n<div class=\"jspPane\">\n<div class=\"contenedor\">\n<p>Condiciones generales de uso de la p\u00e1gina web\u00a0<strong>www.blsbcn.com<\/strong><\/p>\n<p><strong>1. Identificaci\u00f3n y actividad de la sociedad.<\/strong><\/p>\n<p><strong>Lacomba Setoain Arquitectos Asociados, slp<\/strong>\u00a0(en adelante \u00ab<strong>LSAAS<\/strong>\u00ab), con domicilio social en la\u00a0<strong>Avenida Vallvidrera 21-23\u00a0<\/strong><strong>08017<\/strong>\u00a0<strong>Barcelona<\/strong>,\u00a0<strong>B-64741663<\/strong>, inscrita en el Registro Mercantil de Barcelona, es una empresa al dia en cuanto a su organizaci\u00f3n y producci\u00f3n, equipada para afrontar cualquier escala de intervenci\u00f3n y preparada para aportar todos los servicios y t\u00e9cnicas necesarias para ofrecer un servicio integral en todo aquello preciso para pasar de la primera decisi\u00f3n de emprender un proyecto relacionado con el entorno habitado hasta su ocupaci\u00f3n y mantenimiento. La sociedad ha operado en m\u00faltiples \u00e1mbitos y escalas y forma parte de su orientaci\u00f3n la diversidad como origen de calidad, la eficiencia en la gesti\u00f3n y la novedad en la obtenci\u00f3n de los resultados. Avalada por\u00a0<strong>las certificaciones m\u00e1s exigentes: ISO 9001, EFITECTIC 2009 y ISO 1406<\/strong><\/p>\n<p><strong>2. Responsabilidades de uso.<\/strong><\/p>\n<p>El Usuario y\u00a0<strong>LSAAS<\/strong>\u00a0son responsables de la veracidad de los datos que se env\u00eden y gestionen a trav\u00e9s del sistema.<\/p>\n<p>El Usuario deber\u00e1 disponer de los medios materiales, sistemas, redes de comunicaci\u00f3n, maquinaria y equipos necesarios para el correcto funcionamiento del sistema.<\/p>\n<p>El Usuario y\u00a0<strong>LSAAS<\/strong>\u00a0adoptar\u00e1n todas las medidas de seguridad necesarias de conformidad con la tecnolog\u00eda y situaci\u00f3n en el mercado, con la finalidad de no introducir cualquier tipo de c\u00f3digo contaminante o virus en el sistema.<\/p>\n<p>No obstante lo anterior,\u00a0<strong>LSAAS<\/strong>\u00a0excluye cualquier responsabilidad por da\u00f1os y perjuicios al Usuario en relaci\u00f3n con:<\/p>\n<p>i) Falta de funcionamiento correcto de la p\u00e1gina web o de los servicios y promociones ofrecidos a trav\u00e9s de la misma, as\u00ed como de la falta de adaptaci\u00f3n de la p\u00e1gina web para un fin concreto esperado por los Usuarios.<\/p>\n<p>ii) Presencia de c\u00f3digos contaminantes o virus o presencia de otros elementos que pudieran producir alteraciones en el sistema inform\u00e1tico o ficheros de los Usuarios.<\/p>\n<p><strong>3. Seguridad y confidencialidad. Pol\u00edtica de Protecci\u00f3n de Datos.<\/strong><\/p>\n<p>Los datos de car\u00e1cter personal proporcionados por usted, y los que en cualquier momento facilite, ser\u00e1n tratados en los t\u00e9rminos y condiciones estipulados en nuestra Pol\u00edtica de Privacidad. La mera utilizaci\u00f3n de nuestra p\u00e1gina web, supone la aceptaci\u00f3n de las presentes Condiciones Generales y de la Pol\u00edtica de Privacidad que se incluye en la misma.<\/p>\n<p><strong>4. Propiedad intelectual y\/o industrial.<\/strong><\/p>\n<p>Toda la informaci\u00f3n contenida en la p\u00e1gina web\u00a0<strong>www.blsbcn.com<\/strong>, como pueden ser, a t\u00edtulo enunciativo, el dise\u00f1o gr\u00e1fico, im\u00e1genes, c\u00f3digos fuente, marcas, r\u00f3tulos de establecimiento, nombres comerciales, denominaciones, otros signos distintivos \u00f3 links de terceros, etc., est\u00e1n sujetos a derechos de propiedad intelectual e industrial de\u00a0<strong>LSAAS<\/strong>\u00a0o de terceros.<\/p>\n<p>Bajo ning\u00fan supuesto, el acceso a los servicios de\u00a0<strong>LSAAS<\/strong>\u00a0supone la renuncia, transmisi\u00f3n, cesi\u00f3n o licencia total o parcial de dichos derechos, ni confiere ning\u00fan derecho de utilizaci\u00f3n, traducci\u00f3n, adaptaci\u00f3n, alteraci\u00f3n, explotaci\u00f3n, reproducci\u00f3n, distribuci\u00f3n o comunicaci\u00f3n p\u00fablica de dichos derechos de propiedad intelectual sin la previa y expresa autorizaci\u00f3n de\u00a0<strong>LSAAS\u00a0<\/strong>o del tercero titular de los derechos afectados. Por tanto, a t\u00edtulo enunciativo que no limitativo, el Usuario, no estar\u00e1 autorizado a reproducir, descompilar, invertir, transformar, modificar, ni actualizar el sistema, sin la autorizaci\u00f3n previa y por escrito de\u00a0<strong>LSAAS<\/strong>.<\/p>\n<p>En ning\u00fan caso est\u00e1 autorizada (y ser\u00e1 perseguida) la reproducci\u00f3n total o parcial de los datos y contenidos a los que se tenga acceso en\u00a0<strong>www.blsbcn.com<\/strong>, si se utilizaren contraviniendo la legislaci\u00f3n vigente en materia de propiedad industrial o intelectual.<\/p>\n<p>No obstante lo anterior, quedan a salvo los derechos del Usuario previstos por las disposiciones legales vigentes, as\u00ed como los derechos del Usuario de visualizar y obtener una copia en la memoria cach\u00e9 de su ordenador como reproducci\u00f3n transitoria y accesoria, sin que en ning\u00fan caso est\u00e9 autorizado para comunicar la misma a terceros.<\/p>\n<p><strong>5. Pol\u00edtica de links.<\/strong><\/p>\n<p><strong>LSAAS<\/strong>\u00a0no se responsabilizar\u00e1 de los da\u00f1os y perjuicios derivados de los servicios y contenidos que se ofrezcan a trav\u00e9s de las p\u00e1ginas web a las que los Usuarios puedan acceder a trav\u00e9s de los enlaces que se incluyen en la p\u00e1gina web\u00a0<strong>www.blsbcn.com<\/strong>.<\/p>\n<p><strong>6. Notificaciones.<\/strong><\/p>\n<p>Cualquier notificaci\u00f3n podr\u00e1 ser dirigida a\u00a0<strong>LSAAS<\/strong>\u00a0a la direcci\u00f3n que figura en el encabezamiento o mediante el env\u00edo de un correo electr\u00f3nico a la siguiente direcci\u00f3n:\u00a0<strong>bls@blsbcn.com<\/strong>.<\/p>\n<p><strong>7. Legislaci\u00f3n aplicable y jurisdicci\u00f3n.<\/strong><\/p>\n<p>Las presentes condiciones quedan sujetas a la normativa de derecho com\u00fan espa\u00f1ola. Los Usuarios se someten expresamente para cualquier cuesti\u00f3n, discrepancia, controversia o reclamaci\u00f3n que se derive de la ejecuci\u00f3n, interpretaci\u00f3n o cumplimiento de las obligaciones que se establezcan entre\u00a0<strong>LSAAS<\/strong>\u00a0y los usuarios de la p\u00e1gina web<strong>\u00a0www.blsbcn.com<\/strong>, a los Juzgados y Tribunales de Barcelona, con renuncia expresa a cualquier otro fuero que por ley pudiera corresponderles.<\/p>\n<p><strong>8. Consentimiento del Usuario.<\/strong><\/p>\n<p>El mero acceso o utilizaci\u00f3n de la p\u00e1gina web\u00a0<strong>www.blsbcn.com<\/strong>\u00a0por parte del Usuario, supone la aceptaci\u00f3n de las presentes Condiciones Generales de Uso.<\/p>\n<\/div>\n<\/div>\n<div class=\"jspVerticalBar\">\n<div class=\"jspTrack\"><\/div>\n<\/div>\n<\/div>\n<\/div>\n<\/div>\n<\/div>\n","protected":false},"excerpt":{"rendered":"<p>Condiciones generales de uso de la p\u00e1gina web\u00a0www.blsbcn.com 1. Identificaci\u00f3n y actividad de la sociedad. Lacomba Setoain Arquitectos Asociados, slp\u00a0(en adelante \u00abLSAAS\u00ab), con domicilio social en la\u00a0Avenida Vallvidrera 21-23\u00a008017\u00a0Barcelona,\u00a0B-64741663, inscrita en el Registro Mercantil de Barcelona, es una empresa al dia en cuanto a su organizaci\u00f3n y producci\u00f3n, equipada para afrontar cualquier escala de intervenci\u00f3n [&hellip;]<\/p>\n","protected":false},"author":1,"featured_media":0,"parent":0,"menu_order":18,"comment_status":"closed","ping_status":"closed","template":"controllers\/legal-page.php","meta":{"_seopress_robots_primary_cat":"","_seopress_titles_title":"","_seopress_titles_desc":"","_seopress_robots_index":"","footnotes":""},"class_list":["post-37","page","type-page","status-publish","hentry"],"_links":{"self":[{"href":"https:\/\/blsbcn.com\/es\/wp-json\/wp\/v2\/pages\/37","targetHints":{"allow":["GET"]}}],"collection":[{"href":"https:\/\/blsbcn.com\/es\/wp-json\/wp\/v2\/pages"}],"about":[{"href":"https:\/\/blsbcn.com\/es\/wp-json\/wp\/v2\/types\/page"}],"author":[{"embeddable":true,"href":"https:\/\/blsbcn.com\/es\/wp-json\/wp\/v2\/users\/1"}],"replies":[{"embeddable":true,"href":"https:\/\/blsbcn.com\/es\/wp-json\/wp\/v2\/comments?post=37"}],"version-history":[{"count":0,"href":"https:\/\/blsbcn.com\/es\/wp-json\/wp\/v2\/pages\/37\/revisions"}],"wp:attachment":[{"href":"https:\/\/blsbcn.com\/es\/wp-json\/wp\/v2\/media?parent=37"}],"curies":[{"name":"wp","href":"https:\/\/api.w.org\/{rel}","templated":true}]}}