{"id":39,"date":"2023-11-24T12:04:07","date_gmt":"2023-11-24T11:04:07","guid":{"rendered":"https:\/\/blsbcn.com\/privacy-policy\/"},"modified":"2023-11-27T11:21:59","modified_gmt":"2023-11-27T10:21:59","slug":"politica-de-privacidad","status":"publish","type":"page","link":"https:\/\/blsbcn.com\/es\/politica-de-privacidad\/","title":{"rendered":"Pol\u00edtica de privacidad"},"content":{"rendered":"\r\n<p>Los datos de car\u00e1cter personal proporcionados por usted y los que en cualquier momento nos facilite, ser\u00e1n incorporados a un fichero automatizado de datos, con el objeto de ser tratados en la medida en que fueran necesarios o convenientes para el desarrollo de la relaci\u00f3n jur\u00eddica que se establezca entre las partes y para su utilizaci\u00f3n con fines comerciales, de informaci\u00f3n y publicitarios de todo tipo de productos y servicios propios y ajenos.<\/p>\r\n<p>En cualquier momento, usted podr\u00e1 acceder a dicho fichero con la finalidad de ejercitar los derechos de acceso, rectificaci\u00f3n, cancelaci\u00f3n y oposici\u00f3n respecto a sus datos personales. Dichos derechos podr\u00e1n ejercitarse mediante comunicaci\u00f3n escrita dirigida a la sede de la Sociedad sita en\u00a0<strong>Avenida Vallvidrera 21-23 08017<\/strong>\u00a0<strong>Barcelona<\/strong>.<\/p>\r\n<p>La aceptaci\u00f3n de la presente Pol\u00edtica de Privacidad implica la autorizaci\u00f3n expresa\u00a0para la remisi\u00f3n de comunicaciones comerciales y ofertas promoci\u00f3nales por v\u00eda electr\u00f3nica, o cualquier otro medio equivalente. En caso de que usted no desee recibir comunicaciones comerciales por v\u00eda electr\u00f3nica, le rogamos nos lo comuniqu\u00e9 a trav\u00e9s del env\u00edo de un correo electr\u00f3nico a la siguiente direcci\u00f3n\u00a0<strong>bls@blsbcn.com<\/strong>.<\/p>\r\n<p>El env\u00edo de su informaci\u00f3n personal a trav\u00e9s de la presente p\u00e1gina web implica el consentimiento expreso e inequ\u00edvoco para el tratamiento de sus datos de car\u00e1cter personal en los t\u00e9rminos expuestos en la presente Pol\u00edtica de Privacidad.<\/p>\r\n<p>La aceptaci\u00f3n de la presente Pol\u00edtica de Privacidad, supone asimismo la aceptaci\u00f3n de las Condiciones Generales de Uso de esta p\u00e1gina web.<\/p>\r\n","protected":false},"excerpt":{"rendered":"<p>Los datos de car\u00e1cter personal proporcionados por usted y los que en cualquier momento nos facilite, ser\u00e1n incorporados a un fichero automatizado de datos, con el objeto de ser tratados en la medida en que fueran necesarios o convenientes para el desarrollo de la relaci\u00f3n jur\u00eddica que se establezca entre las partes y para su [&hellip;]<\/p>\n","protected":false},"author":1,"featured_media":0,"parent":0,"menu_order":24,"comment_status":"closed","ping_status":"closed","template":"controllers\/legal-page.php","meta":{"_seopress_robots_primary_cat":"","_seopress_titles_title":"","_seopress_titles_desc":"","_seopress_robots_index":"","footnotes":""},"class_list":["post-39","page","type-page","status-publish","hentry"],"_links":{"self":[{"href":"https:\/\/blsbcn.com\/es\/wp-json\/wp\/v2\/pages\/39","targetHints":{"allow":["GET"]}}],"collection":[{"href":"https:\/\/blsbcn.com\/es\/wp-json\/wp\/v2\/pages"}],"about":[{"href":"https:\/\/blsbcn.com\/es\/wp-json\/wp\/v2\/types\/page"}],"author":[{"embeddable":true,"href":"https:\/\/blsbcn.com\/es\/wp-json\/wp\/v2\/users\/1"}],"replies":[{"embeddable":true,"href":"https:\/\/blsbcn.com\/es\/wp-json\/wp\/v2\/comments?post=39"}],"version-history":[{"count":0,"href":"https:\/\/blsbcn.com\/es\/wp-json\/wp\/v2\/pages\/39\/revisions"}],"wp:attachment":[{"href":"https:\/\/blsbcn.com\/es\/wp-json\/wp\/v2\/media?parent=39"}],"curies":[{"name":"wp","href":"https:\/\/api.w.org\/{rel}","templated":true}]}}